{"id":259,"date":"2023-01-10T12:57:44","date_gmt":"2023-01-10T12:57:44","guid":{"rendered":"http:\/\/securex\/?page_id=259"},"modified":"2023-02-06T15:45:36","modified_gmt":"2023-02-06T15:45:36","slug":"wath-group","status":"publish","type":"page","link":"https:\/\/securextechnology.com\/de\/wath-group\/","title":{"rendered":"Wath Group"},"content":{"rendered":"","protected":false},"excerpt":{"rendered":"","protected":false},"author":1,"featured_media":0,"parent":0,"menu_order":0,"comment_status":"closed","ping_status":"closed","template":"","meta":[],"acf":[],"yoast_head":"<!-- This site is optimized with the Yoast SEO Premium plugin v19.0 (Yoast SEO v19.13) - https:\/\/yoast.com\/wordpress\/plugins\/seo\/ -->\n<title>Wath Group - Securex Technology German<\/title>\n<meta name=\"description\" content=\"Die Wath Group wurde 1980 als eines der ersten Unternehmen gegr\u00fcndet, das Jetwash-Schl\u00e4uche auf dem britischen Markt anbot, hat sich seitdem in andere Branchen diversifiziert und gilt heute als einer der f\u00fchrenden Anbieter von Subunternehmerl\u00f6sungen.\" \/>\n<meta name=\"robots\" content=\"index, follow, max-snippet:-1, max-image-preview:large, max-video-preview:-1\" \/>\n<link rel=\"canonical\" href=\"https:\/\/securextechnology.com\/de\/wath-group\/\" \/>\n<meta property=\"og:locale\" content=\"en_GB\" \/>\n<meta property=\"og:type\" content=\"article\" \/>\n<meta property=\"og:title\" content=\"Wath Group\" \/>\n<meta property=\"og:description\" content=\"Die Wath Group wurde 1980 als eines der ersten Unternehmen gegr\u00fcndet, das Jetwash-Schl\u00e4uche auf dem britischen Markt anbot, hat sich seitdem in andere Branchen diversifiziert und gilt heute als einer der f\u00fchrenden Anbieter von Subunternehmerl\u00f6sungen.\" \/>\n<meta property=\"og:url\" content=\"https:\/\/securextechnology.com\/de\/wath-group\/\" \/>\n<meta property=\"og:site_name\" content=\"Securex Technology German\" \/>\n<meta property=\"article:modified_time\" content=\"2023-02-06T15:45:36+00:00\" \/>\n<meta name=\"twitter:card\" content=\"summary_large_image\" \/>\n<script type=\"application\/ld+json\" class=\"yoast-schema-graph\">{\"@context\":\"https:\/\/schema.org\",\"@graph\":[{\"@type\":\"WebPage\",\"@id\":\"https:\/\/securextechnology.com\/de\/wath-group\/\",\"url\":\"https:\/\/securextechnology.com\/de\/wath-group\/\",\"name\":\"Wath Group - Securex Technology German\",\"isPartOf\":{\"@id\":\"https:\/\/securextechnology.com\/de\/#website\"},\"datePublished\":\"2023-01-10T12:57:44+00:00\",\"dateModified\":\"2023-02-06T15:45:36+00:00\",\"description\":\"Die Wath Group wurde 1980 als eines der ersten Unternehmen gegr\u00fcndet, das Jetwash-Schl\u00e4uche auf dem britischen Markt anbot, hat sich seitdem in andere Branchen diversifiziert und gilt heute als einer der f\u00fchrenden Anbieter von Subunternehmerl\u00f6sungen.\",\"breadcrumb\":{\"@id\":\"https:\/\/securextechnology.com\/de\/wath-group\/#breadcrumb\"},\"inLanguage\":\"en-GB\",\"potentialAction\":[{\"@type\":\"ReadAction\",\"target\":[\"https:\/\/securextechnology.com\/de\/wath-group\/\"]}]},{\"@type\":\"BreadcrumbList\",\"@id\":\"https:\/\/securextechnology.com\/de\/wath-group\/#breadcrumb\",\"itemListElement\":[{\"@type\":\"ListItem\",\"position\":1,\"name\":\"Home\",\"item\":\"https:\/\/securextechnology.com\/de\/\"},{\"@type\":\"ListItem\",\"position\":2,\"name\":\"Wath Group\"}]},{\"@type\":\"WebSite\",\"@id\":\"https:\/\/securextechnology.com\/de\/#website\",\"url\":\"https:\/\/securextechnology.com\/de\/\",\"name\":\"Securex Technology German\",\"description\":\"Security &amp; Safety Technologies\",\"potentialAction\":[{\"@type\":\"SearchAction\",\"target\":{\"@type\":\"EntryPoint\",\"urlTemplate\":\"https:\/\/securextechnology.com\/de\/?s={search_term_string}\"},\"query-input\":\"required name=search_term_string\"}],\"inLanguage\":\"en-GB\"}]}<\/script>\n<!-- \/ Yoast SEO Premium plugin. -->","yoast_head_json":{"title":"Wath Group - Securex Technology German","description":"Die Wath Group wurde 1980 als eines der ersten Unternehmen gegr\u00fcndet, das Jetwash-Schl\u00e4uche auf dem britischen Markt anbot, hat sich seitdem in andere Branchen diversifiziert und gilt heute als einer der f\u00fchrenden Anbieter von Subunternehmerl\u00f6sungen.","robots":{"index":"index","follow":"follow","max-snippet":"max-snippet:-1","max-image-preview":"max-image-preview:large","max-video-preview":"max-video-preview:-1"},"canonical":"https:\/\/securextechnology.com\/de\/wath-group\/","og_locale":"en_GB","og_type":"article","og_title":"Wath Group","og_description":"Die Wath Group wurde 1980 als eines der ersten Unternehmen gegr\u00fcndet, das Jetwash-Schl\u00e4uche auf dem britischen Markt anbot, hat sich seitdem in andere Branchen diversifiziert und gilt heute als einer der f\u00fchrenden Anbieter von Subunternehmerl\u00f6sungen.","og_url":"https:\/\/securextechnology.com\/de\/wath-group\/","og_site_name":"Securex Technology German","article_modified_time":"2023-02-06T15:45:36+00:00","twitter_card":"summary_large_image","schema":{"@context":"https:\/\/schema.org","@graph":[{"@type":"WebPage","@id":"https:\/\/securextechnology.com\/de\/wath-group\/","url":"https:\/\/securextechnology.com\/de\/wath-group\/","name":"Wath Group - Securex Technology German","isPartOf":{"@id":"https:\/\/securextechnology.com\/de\/#website"},"datePublished":"2023-01-10T12:57:44+00:00","dateModified":"2023-02-06T15:45:36+00:00","description":"Die Wath Group wurde 1980 als eines der ersten Unternehmen gegr\u00fcndet, das Jetwash-Schl\u00e4uche auf dem britischen Markt anbot, hat sich seitdem in andere Branchen diversifiziert und gilt heute als einer der f\u00fchrenden Anbieter von Subunternehmerl\u00f6sungen.","breadcrumb":{"@id":"https:\/\/securextechnology.com\/de\/wath-group\/#breadcrumb"},"inLanguage":"en-GB","potentialAction":[{"@type":"ReadAction","target":["https:\/\/securextechnology.com\/de\/wath-group\/"]}]},{"@type":"BreadcrumbList","@id":"https:\/\/securextechnology.com\/de\/wath-group\/#breadcrumb","itemListElement":[{"@type":"ListItem","position":1,"name":"Home","item":"https:\/\/securextechnology.com\/de\/"},{"@type":"ListItem","position":2,"name":"Wath Group"}]},{"@type":"WebSite","@id":"https:\/\/securextechnology.com\/de\/#website","url":"https:\/\/securextechnology.com\/de\/","name":"Securex Technology German","description":"Security &amp; Safety Technologies","potentialAction":[{"@type":"SearchAction","target":{"@type":"EntryPoint","urlTemplate":"https:\/\/securextechnology.com\/de\/?s={search_term_string}"},"query-input":"required name=search_term_string"}],"inLanguage":"en-GB"}]}},"_links":{"self":[{"href":"https:\/\/securextechnology.com\/de\/wp-json\/wp\/v2\/pages\/259"}],"collection":[{"href":"https:\/\/securextechnology.com\/de\/wp-json\/wp\/v2\/pages"}],"about":[{"href":"https:\/\/securextechnology.com\/de\/wp-json\/wp\/v2\/types\/page"}],"author":[{"embeddable":true,"href":"https:\/\/securextechnology.com\/de\/wp-json\/wp\/v2\/users\/1"}],"replies":[{"embeddable":true,"href":"https:\/\/securextechnology.com\/de\/wp-json\/wp\/v2\/comments?post=259"}],"version-history":[{"count":15,"href":"https:\/\/securextechnology.com\/de\/wp-json\/wp\/v2\/pages\/259\/revisions"}],"predecessor-version":[{"id":754,"href":"https:\/\/securextechnology.com\/de\/wp-json\/wp\/v2\/pages\/259\/revisions\/754"}],"wp:attachment":[{"href":"https:\/\/securextechnology.com\/de\/wp-json\/wp\/v2\/media?parent=259"}],"curies":[{"name":"wp","href":"https:\/\/api.w.org\/{rel}","templated":true}]}}